{"id":817,"date":"2022-05-12T11:51:24","date_gmt":"2022-05-12T09:51:24","guid":{"rendered":"https:\/\/aromaseze.com\/?page_id=817"},"modified":"2022-07-08T18:33:27","modified_gmt":"2022-07-08T16:33:27","slug":"tu-regalo-2","status":"publish","type":"page","link":"https:\/\/aromaseze.com\/index.php\/tu-regalo-2\/","title":{"rendered":"Tu regalo"},"content":{"rendered":"[et_pb_section fb_built=&#8221;1&#8243; admin_label=&#8221;section&#8221; _builder_version=&#8221;4.16&#8243; global_colors_info=&#8221;{}&#8221; custom_padding=&#8221;0px|||||&#8221;][et_pb_row _builder_version=&#8221;4.17.4&#8243; _module_preset=&#8221;default&#8221;][et_pb_column _builder_version=&#8221;4.17.4&#8243; _module_preset=&#8221;default&#8221; type=&#8221;4_4&#8243;][et_pb_text _builder_version=&#8221;4.17.4&#8243; _module_preset=&#8221;default&#8221; hover_enabled=&#8221;0&#8243; sticky_enabled=&#8221;0&#8243;]<div class=\"wp-block-column\">\n<figure class=\"wp-block-image size-large\"><\/figure>\n<p><!-- \/wp:image --><\/p>\n<\/div>\n<p><!-- \/wp:column --><\/p>\n<p><!-- wp:column --><\/p>\n<div class=\"wp-block-column\">\n<p><!-- wp:freeform --><\/p>\n<p><strong>Te damos la bienvenida con este regalo<\/strong><\/p>\n<\/div>[\/et_pb_text][\/et_pb_column][\/et_pb_row][et_pb_row _builder_version=&#8221;4.17.4&#8243; _module_preset=&#8221;default&#8221; column_structure=&#8221;1_2,1_2&#8243;][et_pb_column _builder_version=&#8221;4.17.4&#8243; _module_preset=&#8221;default&#8221; type=&#8221;1_2&#8243;][et_pb_image src=&#8221;https:\/\/aromaseze.com\/wp-content\/uploads\/2022\/03\/gaiabaixgaia_IMG_0381-e1650645267190.jpg&#8221; _builder_version=&#8221;4.17.4&#8243; _module_preset=&#8221;default&#8221; title_text=&#8221;gaiabaixgaia_IMG_0381&#8243; hover_enabled=&#8221;0&#8243; sticky_enabled=&#8221;0&#8243;][\/et_pb_image][\/et_pb_column][et_pb_column _builder_version=&#8221;4.17.4&#8243; _module_preset=&#8221;default&#8221; type=&#8221;1_2&#8243;][et_pb_text _builder_version=&#8221;4.17.4&#8243; _module_preset=&#8221;default&#8221; hover_enabled=&#8221;0&#8243; sticky_enabled=&#8221;0&#8243;]<div class=\"wp-block-column\">\n<figure class=\"wp-block-image size-large\"><\/figure>\n<p><!-- \/wp:image --><\/p>\n<\/div>\n<p><!-- \/wp:column --><\/p>\n<p><!-- wp:column --><\/p>\n<div class=\"wp-block-column\">\n<p><!-- wp:freeform --><\/p>\n<p><em>\u00a1Gracias infinitas desde ya por estar aqu\u00ed !<\/em><\/p>\n<p>Os saludamos y os damos la bienvenida a este espacio donde compartir junto a vosotros esta pasi\u00f3n por la Aromaterapia que es una vertiente de la fitoterapia centrada en el estudio de los aceites esenciales. En este sitio, encontrar\u00e9is, art\u00edculos, publicaciones, informaci\u00f3n, talleres, cursos y productos relacionados con la aromaterapia,\u00a0 herbolog\u00eda, las plantas, las flores, los \u00e1rboles y todo lo que nuestra pasi\u00f3n por la naturaleza nos inspire.<\/p>\n<p>Y hemos querido ofreceros un regalo de bienvenida por entrar a formar parte de nuestra comunidad y empezar a disfrutar desde ya este maravilloso mundo.\u00a0<\/p>\n<\/div>[\/et_pb_text][\/et_pb_column][\/et_pb_row][et_pb_row _builder_version=&#8221;4.17.4&#8243; _module_preset=&#8221;default&#8221;][et_pb_column _builder_version=&#8221;4.17.4&#8243; _module_preset=&#8221;default&#8221; type=&#8221;4_4&#8243;][et_pb_signup title=&#8221;Consigue tu regalo!&#8221; description=&#8221;<p>Suscr\u00edbete a nuestra newsletter y consigue ya tu regalo de bienvenida.<\/p>&#8221; _builder_version=&#8221;4.17.4&#8243; _module_preset=&#8221;default&#8221; mailchimp_list=&#8221;AROMASEZE|8ec1001377&#8243; name_field=&#8221;on&#8221; use_spam_service=&#8221;on&#8221; recaptcha_list=&#8221;none&#8221; hover_enabled=&#8221;0&#8243; sticky_enabled=&#8221;0&#8243; success_message=&#8221;Te has suscrito correctamente!&#8221;][\/et_pb_signup][\/et_pb_column][\/et_pb_row][\/et_pb_section]","protected":false},"excerpt":{"rendered":"<p>Te damos la bienvenida con este regalo \u00a1Gracias infinitas desde ya por estar aqu\u00ed ! Os saludamos y os damos la bienvenida a este espacio donde compartir junto a vosotros esta pasi\u00f3n por la Aromaterapia que es una vertiente de la fitoterapia centrada en el estudio de los aceites esenciales. En este sitio, encontrar\u00e9is, art\u00edculos, [&hellip;]<\/p>\n","protected":false},"author":1,"featured_media":0,"parent":0,"menu_order":0,"comment_status":"closed","ping_status":"closed","template":"","meta":{"_et_pb_use_builder":"on","_et_pb_old_content":"<!-- wp:paragraph {\"align\":\"left\"} -->\n<p class=\"has-text-align-left\"><strong>Te damos la bienvenida con este regalo<\/strong><\/p>\n<!-- \/wp:paragraph -->\n\n<!-- wp:columns -->\n<div class=\"wp-block-columns\"><!-- wp:column -->\n<div class=\"wp-block-column\"><!-- wp:image {\"id\":519,\"sizeSlug\":\"large\",\"linkDestination\":\"none\"} -->\n<figure class=\"wp-block-image size-large\"><img src=\"https:\/\/aromaseze.com\/wp-content\/uploads\/2022\/03\/gaiabaixgaia_IMG_0381-1024x800.jpg\" alt=\"\" class=\"wp-image-519\"\/><\/figure>\n<!-- \/wp:image --><\/div>\n<!-- \/wp:column -->\n\n<!-- wp:column -->\n<div class=\"wp-block-column\"><!-- wp:freeform -->\n<p><em>\u00a1Gracias infinitas desde ya por estar aqu\u00ed !<\/em><\/p>\n<p>Os saludamos y os damos la bienvenida a este espacio donde compartir junto a vosotros esta pasi\u00f3n por la Aromaterapia que es una vertiente de la fitoterapia centrada en el estudio de los aceites esenciales. En este sitio, encontrar\u00e9is, art\u00edculos, publicaciones, informaci\u00f3n, talleres, cursos y productos relacionados con la aromaterapia,&nbsp; herbolog\u00eda, las plantas, las flores, los \u00e1rboles y todo lo que nuestra pasi\u00f3n por la naturaleza nos inspire.<\/p>\n<p>Y hemos querido ofreceros un regalo de bienvenida por entrar a formar parte de nuestra comunidad y empezar a disfrutar desde ya este maravilloso mundo.&nbsp;<\/p>\n<!-- \/wp:freeform --><\/div>\n<!-- \/wp:column --><\/div>\n<!-- \/wp:columns -->\n\n<!-- wp:columns -->\n<div class=\"wp-block-columns\"><!-- wp:column {\"style\":{\"color\":{\"background\":\"#e9f5f0\"}}} -->\n<div class=\"wp-block-column has-background\" style=\"background-color:#e9f5f0\"><!-- wp:mailchimp-for-wp\/form {\"id\":820} \/--><\/div>\n<!-- \/wp:column --><\/div>\n<!-- \/wp:columns -->","_et_gb_content_width":""},"_links":{"self":[{"href":"https:\/\/aromaseze.com\/index.php\/wp-json\/wp\/v2\/pages\/817"}],"collection":[{"href":"https:\/\/aromaseze.com\/index.php\/wp-json\/wp\/v2\/pages"}],"about":[{"href":"https:\/\/aromaseze.com\/index.php\/wp-json\/wp\/v2\/types\/page"}],"author":[{"embeddable":true,"href":"https:\/\/aromaseze.com\/index.php\/wp-json\/wp\/v2\/users\/1"}],"replies":[{"embeddable":true,"href":"https:\/\/aromaseze.com\/index.php\/wp-json\/wp\/v2\/comments?post=817"}],"version-history":[{"count":16,"href":"https:\/\/aromaseze.com\/index.php\/wp-json\/wp\/v2\/pages\/817\/revisions"}],"predecessor-version":[{"id":850,"href":"https:\/\/aromaseze.com\/index.php\/wp-json\/wp\/v2\/pages\/817\/revisions\/850"}],"wp:attachment":[{"href":"https:\/\/aromaseze.com\/index.php\/wp-json\/wp\/v2\/media?parent=817"}],"curies":[{"name":"wp","href":"https:\/\/api.w.org\/{rel}","templated":true}]}}