{"id":571,"date":"2022-03-31T12:53:07","date_gmt":"2022-03-31T10:53:07","guid":{"rendered":"https:\/\/aromaseze.com\/index.php\/producto\/prueba\/"},"modified":"2024-07-08T12:26:15","modified_gmt":"2024-07-08T10:26:15","slug":"prueba","status":"publish","type":"product","link":"https:\/\/aromaseze.com\/index.php\/producto\/prueba\/","title":{"rendered":"Hoja de Higuera preservada y ritualizada"},"content":{"rendered":"<p>Hoja de Higuera prensada y preservada. Todas nuestras creaciones herbales est\u00e1n elaboradas con el m\u00e1ximo respeto y ritualizadas como amuletos de protecci\u00f3n y armon\u00eda personal, para el hogar o el trabajo.<\/p>\n","protected":false},"excerpt":{"rendered":"<p>Hoja de Higuera prensada y preservada. Todas nuestras creaciones herbales est\u00e1n elaboradas con el m\u00e1ximo respeto y ritualizadas como amuletos de protecci\u00f3n y armon\u00eda personal, para el hogar o el trabajo.<\/p>\n","protected":false},"featured_media":632,"comment_status":"open","ping_status":"closed","template":"","meta":{"_et_pb_use_builder":"","_et_pb_old_content":"","_et_gb_content_width":""},"product_cat":[26],"product_tag":[],"_links":{"self":[{"href":"https:\/\/aromaseze.com\/index.php\/wp-json\/wp\/v2\/product\/571"}],"collection":[{"href":"https:\/\/aromaseze.com\/index.php\/wp-json\/wp\/v2\/product"}],"about":[{"href":"https:\/\/aromaseze.com\/index.php\/wp-json\/wp\/v2\/types\/product"}],"replies":[{"embeddable":true,"href":"https:\/\/aromaseze.com\/index.php\/wp-json\/wp\/v2\/comments?post=571"}],"wp:featuredmedia":[{"embeddable":true,"href":"https:\/\/aromaseze.com\/index.php\/wp-json\/wp\/v2\/media\/632"}],"wp:attachment":[{"href":"https:\/\/aromaseze.com\/index.php\/wp-json\/wp\/v2\/media?parent=571"}],"wp:term":[{"taxonomy":"product_cat","embeddable":true,"href":"https:\/\/aromaseze.com\/index.php\/wp-json\/wp\/v2\/product_cat?post=571"},{"taxonomy":"product_tag","embeddable":true,"href":"https:\/\/aromaseze.com\/index.php\/wp-json\/wp\/v2\/product_tag?post=571"}],"curies":[{"name":"wp","href":"https:\/\/api.w.org\/{rel}","templated":true}]}}