{"id":634,"date":"2022-04-01T02:53:05","date_gmt":"2022-04-01T00:53:05","guid":{"rendered":"https:\/\/aromaseze.com\/index.php\/producto\/hoja-de-artemisa-silvestre\/"},"modified":"2022-04-01T02:59:49","modified_gmt":"2022-04-01T00:59:49","slug":"hoja-de-artemisa-silvestre","status":"publish","type":"product","link":"https:\/\/aromaseze.com\/index.php\/producto\/hoja-de-artemisa-silvestre\/","title":{"rendered":"Hoja de Artemisa vulgaris"},"content":{"rendered":"<p>Hoja de Artemisa Bulgaria prensada y preservada. Todas nuestras creaciones herbales est\u00e1n elaboradas con el m\u00e1ximo respeto y ritualizadas como amuletos de protecci\u00f3n y armon\u00eda personal, para el hogar o el trabajo.<\/p>\n","protected":false},"excerpt":{"rendered":"<p>Hoja de Artemisa Bulgaria prensada y preservada. Todas nuestras creaciones herbales est\u00e1n elaboradas con el m\u00e1ximo respeto y ritualizadas como amuletos de protecci\u00f3n y armon\u00eda personal, para el hogar o el trabajo.<\/p>\n","protected":false},"featured_media":633,"comment_status":"open","ping_status":"closed","template":"","meta":{"_et_pb_use_builder":"","_et_pb_old_content":"","_et_gb_content_width":""},"product_cat":[26],"product_tag":[],"_links":{"self":[{"href":"https:\/\/aromaseze.com\/index.php\/wp-json\/wp\/v2\/product\/634"}],"collection":[{"href":"https:\/\/aromaseze.com\/index.php\/wp-json\/wp\/v2\/product"}],"about":[{"href":"https:\/\/aromaseze.com\/index.php\/wp-json\/wp\/v2\/types\/product"}],"replies":[{"embeddable":true,"href":"https:\/\/aromaseze.com\/index.php\/wp-json\/wp\/v2\/comments?post=634"}],"wp:featuredmedia":[{"embeddable":true,"href":"https:\/\/aromaseze.com\/index.php\/wp-json\/wp\/v2\/media\/633"}],"wp:attachment":[{"href":"https:\/\/aromaseze.com\/index.php\/wp-json\/wp\/v2\/media?parent=634"}],"wp:term":[{"taxonomy":"product_cat","embeddable":true,"href":"https:\/\/aromaseze.com\/index.php\/wp-json\/wp\/v2\/product_cat?post=634"},{"taxonomy":"product_tag","embeddable":true,"href":"https:\/\/aromaseze.com\/index.php\/wp-json\/wp\/v2\/product_tag?post=634"}],"curies":[{"name":"wp","href":"https:\/\/api.w.org\/{rel}","templated":true}]}}