{"id":638,"date":"2022-04-01T03:01:25","date_gmt":"2022-04-01T01:01:25","guid":{"rendered":"https:\/\/aromaseze.com\/index.php\/producto\/producto\/"},"modified":"2024-03-25T01:17:12","modified_gmt":"2024-03-25T00:17:12","slug":"producto","status":"publish","type":"product","link":"https:\/\/aromaseze.com\/index.php\/producto\/producto\/","title":{"rendered":"Flor y hojas de Sa\u00faco"},"content":{"rendered":"<p>Flor y hoja de Sauco prensada y preservada. Todas nuestras creaciones herbales est\u00e1n elaboradas con el m\u00e1ximo respeto y ritualizadas como amuletos de protecci\u00f3n y armon\u00eda personal, para el hogar o el trabajo.<\/p>\n","protected":false},"excerpt":{"rendered":"<p>Flor y hoja de Sauco prensada y preservada. Todas nuestras creaciones herbales est\u00e1n elaboradas con el m\u00e1ximo respeto y ritualizadas como amuletos de protecci\u00f3n y armon\u00eda personal, para el hogar o el trabajo.<\/p>\n","protected":false},"featured_media":637,"comment_status":"open","ping_status":"closed","template":"","meta":{"_et_pb_use_builder":"","_et_pb_old_content":"","_et_gb_content_width":""},"product_cat":[26],"product_tag":[],"_links":{"self":[{"href":"https:\/\/aromaseze.com\/index.php\/wp-json\/wp\/v2\/product\/638"}],"collection":[{"href":"https:\/\/aromaseze.com\/index.php\/wp-json\/wp\/v2\/product"}],"about":[{"href":"https:\/\/aromaseze.com\/index.php\/wp-json\/wp\/v2\/types\/product"}],"replies":[{"embeddable":true,"href":"https:\/\/aromaseze.com\/index.php\/wp-json\/wp\/v2\/comments?post=638"}],"wp:featuredmedia":[{"embeddable":true,"href":"https:\/\/aromaseze.com\/index.php\/wp-json\/wp\/v2\/media\/637"}],"wp:attachment":[{"href":"https:\/\/aromaseze.com\/index.php\/wp-json\/wp\/v2\/media?parent=638"}],"wp:term":[{"taxonomy":"product_cat","embeddable":true,"href":"https:\/\/aromaseze.com\/index.php\/wp-json\/wp\/v2\/product_cat?post=638"},{"taxonomy":"product_tag","embeddable":true,"href":"https:\/\/aromaseze.com\/index.php\/wp-json\/wp\/v2\/product_tag?post=638"}],"curies":[{"name":"wp","href":"https:\/\/api.w.org\/{rel}","templated":true}]}}