{"id":642,"date":"2022-04-01T03:07:26","date_gmt":"2022-04-01T01:07:26","guid":{"rendered":"https:\/\/aromaseze.com\/index.php\/producto\/composicion-floral\/"},"modified":"2024-11-11T02:06:34","modified_gmt":"2024-11-11T01:06:34","slug":"composicion-floral","status":"publish","type":"product","link":"https:\/\/aromaseze.com\/index.php\/producto\/composicion-floral\/","title":{"rendered":"Composici\u00f3n floral"},"content":{"rendered":"<p>Flores y hojas recolectadas y prensadas y preservada. Todas nuestras creaciones herbales est\u00e1n elaboradas con el m\u00e1ximo respeto y ritualizadas como amuletos de protecci\u00f3n y armon\u00eda personal, para el hogar o el trabajo.<\/p>\n<p>Tama\u00f1o din A4<\/p>\n","protected":false},"excerpt":{"rendered":"<p>Flores y hojas recolectadas y prensadas y preservada. Todas nuestras creaciones herbales est\u00e1n elaboradas con el m\u00e1ximo respeto y ritualizadas como amuletos de protecci\u00f3n y armon\u00eda personal, para el hogar o el trabajo. Tama\u00f1o din A4<\/p>\n","protected":false},"featured_media":641,"comment_status":"open","ping_status":"closed","template":"","meta":{"_et_pb_use_builder":"","_et_pb_old_content":"","_et_gb_content_width":""},"product_cat":[26],"product_tag":[],"_links":{"self":[{"href":"https:\/\/aromaseze.com\/index.php\/wp-json\/wp\/v2\/product\/642"}],"collection":[{"href":"https:\/\/aromaseze.com\/index.php\/wp-json\/wp\/v2\/product"}],"about":[{"href":"https:\/\/aromaseze.com\/index.php\/wp-json\/wp\/v2\/types\/product"}],"replies":[{"embeddable":true,"href":"https:\/\/aromaseze.com\/index.php\/wp-json\/wp\/v2\/comments?post=642"}],"wp:featuredmedia":[{"embeddable":true,"href":"https:\/\/aromaseze.com\/index.php\/wp-json\/wp\/v2\/media\/641"}],"wp:attachment":[{"href":"https:\/\/aromaseze.com\/index.php\/wp-json\/wp\/v2\/media?parent=642"}],"wp:term":[{"taxonomy":"product_cat","embeddable":true,"href":"https:\/\/aromaseze.com\/index.php\/wp-json\/wp\/v2\/product_cat?post=642"},{"taxonomy":"product_tag","embeddable":true,"href":"https:\/\/aromaseze.com\/index.php\/wp-json\/wp\/v2\/product_tag?post=642"}],"curies":[{"name":"wp","href":"https:\/\/api.w.org\/{rel}","templated":true}]}}