{"id":644,"date":"2022-04-01T03:11:07","date_gmt":"2022-04-01T01:11:07","guid":{"rendered":"https:\/\/aromaseze.com\/index.php\/producto\/composicion-de-flores-silvestres\/"},"modified":"2022-04-01T14:25:22","modified_gmt":"2022-04-01T12:25:22","slug":"composicion-de-flores-silvestres","status":"publish","type":"product","link":"https:\/\/aromaseze.com\/index.php\/producto\/composicion-de-flores-silvestres\/","title":{"rendered":"Composici\u00f3n de flores silvestres"},"content":{"rendered":"<p>Flores y hojas recolectadas,  prensadas y preservadas. Todas nuestras creaciones herbales est\u00e1n elaboradas con el m\u00e1ximo respeto y ritualizadas como amuletos de protecci\u00f3n y armon\u00eda personal, para el hogar o el trabajo.<\/p>\n<p>Tama\u00f1o din A4<\/p>\n","protected":false},"excerpt":{"rendered":"<p>Flores y hojas recolectadas, prensadas y preservadas. Todas nuestras creaciones herbales est\u00e1n elaboradas con el m\u00e1ximo respeto y ritualizadas como amuletos de protecci\u00f3n y armon\u00eda personal, para el hogar o el trabajo. Tama\u00f1o din A4<\/p>\n","protected":false},"featured_media":665,"comment_status":"open","ping_status":"closed","template":"","meta":{"_et_pb_use_builder":"","_et_pb_old_content":"","_et_gb_content_width":""},"product_cat":[26],"product_tag":[],"_links":{"self":[{"href":"https:\/\/aromaseze.com\/index.php\/wp-json\/wp\/v2\/product\/644"}],"collection":[{"href":"https:\/\/aromaseze.com\/index.php\/wp-json\/wp\/v2\/product"}],"about":[{"href":"https:\/\/aromaseze.com\/index.php\/wp-json\/wp\/v2\/types\/product"}],"replies":[{"embeddable":true,"href":"https:\/\/aromaseze.com\/index.php\/wp-json\/wp\/v2\/comments?post=644"}],"wp:featuredmedia":[{"embeddable":true,"href":"https:\/\/aromaseze.com\/index.php\/wp-json\/wp\/v2\/media\/665"}],"wp:attachment":[{"href":"https:\/\/aromaseze.com\/index.php\/wp-json\/wp\/v2\/media?parent=644"}],"wp:term":[{"taxonomy":"product_cat","embeddable":true,"href":"https:\/\/aromaseze.com\/index.php\/wp-json\/wp\/v2\/product_cat?post=644"},{"taxonomy":"product_tag","embeddable":true,"href":"https:\/\/aromaseze.com\/index.php\/wp-json\/wp\/v2\/product_tag?post=644"}],"curies":[{"name":"wp","href":"https:\/\/api.w.org\/{rel}","templated":true}]}}