{"id":687,"date":"2022-04-01T16:52:55","date_gmt":"2022-04-01T14:52:55","guid":{"rendered":"https:\/\/aromaseze.com\/?post_type=product&#038;p=687"},"modified":"2022-04-01T22:53:16","modified_gmt":"2022-04-01T20:53:16","slug":"taller-botiquin-de-invierno-y-mejora-del-sistema-inmune","status":"publish","type":"product","link":"https:\/\/aromaseze.com\/index.php\/producto\/taller-botiquin-de-invierno-y-mejora-del-sistema-inmune\/","title":{"rendered":"Taller Botiqu\u00edn de Invierno y mejora del sistema inmune"},"content":{"rendered":"<p>Con este taller aprender\u00e1s a introducir los aceites esenciales en tus cuidados para tratar las afecciones de invierno tanto para ti como para tu familia. Conocer\u00e1s como mejorar el sistema inmune, incorporando algunos sencillos h\u00e1bitos. Tambi\u00e9n conocer\u00e1s un botiqu\u00edn de aceites esenciales y c\u00f3mo utilizarlo cotidianamente para ti y tu familia.<\/p>\n","protected":false},"excerpt":{"rendered":"<p>Con este taller aprender\u00e1s a introducir los aceites esenciales en tus cuidados para tratar las afecciones de invierno tanto para ti como para tu familia. Conocer\u00e1s como mejorar el sistema inmune, incorporando algunos sencillos h\u00e1bitos. Tambi\u00e9n conocer\u00e1s un botiqu\u00edn de aceites esenciales y c\u00f3mo utilizarlo cotidianamente para ti y tu familia.<\/p>\n","protected":false},"featured_media":689,"comment_status":"open","ping_status":"closed","template":"","meta":{"_et_pb_use_builder":"","_et_pb_old_content":"","_et_gb_content_width":""},"product_cat":[29],"product_tag":[],"_links":{"self":[{"href":"https:\/\/aromaseze.com\/index.php\/wp-json\/wp\/v2\/product\/687"}],"collection":[{"href":"https:\/\/aromaseze.com\/index.php\/wp-json\/wp\/v2\/product"}],"about":[{"href":"https:\/\/aromaseze.com\/index.php\/wp-json\/wp\/v2\/types\/product"}],"replies":[{"embeddable":true,"href":"https:\/\/aromaseze.com\/index.php\/wp-json\/wp\/v2\/comments?post=687"}],"wp:featuredmedia":[{"embeddable":true,"href":"https:\/\/aromaseze.com\/index.php\/wp-json\/wp\/v2\/media\/689"}],"wp:attachment":[{"href":"https:\/\/aromaseze.com\/index.php\/wp-json\/wp\/v2\/media?parent=687"}],"wp:term":[{"taxonomy":"product_cat","embeddable":true,"href":"https:\/\/aromaseze.com\/index.php\/wp-json\/wp\/v2\/product_cat?post=687"},{"taxonomy":"product_tag","embeddable":true,"href":"https:\/\/aromaseze.com\/index.php\/wp-json\/wp\/v2\/product_tag?post=687"}],"curies":[{"name":"wp","href":"https:\/\/api.w.org\/{rel}","templated":true}]}}